{"id":7,"date":"2020-02-06T19:14:57","date_gmt":"2020-02-06T18:14:57","guid":{"rendered":"http:\/\/rsmchemik.pl\/?page_id=7"},"modified":"2024-01-28T15:27:29","modified_gmt":"2024-01-28T14:27:29","slug":"kontakt","status":"publish","type":"page","link":"https:\/\/rsmchemik.pl\/index.php\/kontakt\/","title":{"rendered":"Kontakt"},"content":{"rendered":"\r\n<p style=\"font-size: 22px;\"><strong>Kontakt<\/strong><\/p>\r\n\r\n\r\n\r\n<p><strong>Robotnicza Sp\u00f3\u0142dzielnia Mieszkaniowa \u201eChemik\u201d<\/strong><br \/><strong>ul. 9 Maja 6<\/strong> <br \/><strong>47-220 K\u0119dzierzyn-Ko\u017ale<\/strong> <br \/>Tel: 77 48 33 236 centrala<br \/>\u00a0 \u00a0 \u00a0 \u00a077 48 32 191\u00a0 gospodarka zasobami mieszkaniowymi<br \/>\u00a0 \u00a0 \u00a0 \u00a077 48 33 311\u00a0 sekretariat<br \/>\u00a0 \u00a0 \u00a0 \u00a077 48 33 236 wew. 44\u00a0 kadry<\/p>\r\n\r\n\r\n\r\n<p><strong>Wykaz telefonicznych numer\u00f3w wewn\u0119trznych oraz adres\u00f3w e-mail <br \/>w biurach Zarz\u0105du Sp\u00f3\u0142dzielni<\/strong>:<\/p>\r\n\r\n\r\n\n<table id=\"tablepress-2\" class=\"tablepress tablepress-id-2\">\n<tbody>\n<tr class=\"row-1\">\n\t<td class=\"column-1\">Nazwa kom\u00f3rki organizacyjnej<\/td><td class=\"column-2\">nr wewn.<\/td><td class=\"column-3\">e-mail<\/td>\n<\/tr>\n<tr class=\"row-2\">\n\t<td class=\"column-1\"><strong>Biuro Obs\u0142ugi Klienta - sprawy cz\u0142onkowsko-mieszkaniowe<\/strong><br \/>\n<\/td><td class=\"column-2\">23<\/td><td class=\"column-3\"><a href=\"mailto:gzm@rsmchemik.pl\">gzm@rsmchemik.pl<\/a><\/td>\n<\/tr>\n<tr class=\"row-3\">\n\t<td class=\"column-1\"><strong>Dzia\u0142 Gospodarki Zasobami Mieszkaniowymi<\/strong><\/td><td class=\"column-2\">35, 39, 43<\/td><td class=\"column-3\"><a href=\"mailto:gzm@rsmchemik.pl\">gzm@rsmchemik.pl<\/a><\/td>\n<\/tr>\n<tr class=\"row-4\">\n\t<td class=\"column-1\"><strong>Dzia\u0142 Ksi\u0119gowo\u015bci \u2013 Czynsze<\/strong><\/td><td class=\"column-2\">30, 38, 40<\/td><td class=\"column-3\"><a href=\"mailto:czynsze@rsmchemik.pl\">czynsze@rsmchemik.pl<\/a><\/td>\n<\/tr>\n<tr class=\"row-5\">\n\t<td class=\"column-1\"><strong>Dzia\u0142 Rozlicze\u0144 i Windykacji<\/strong><\/td><td class=\"column-2\">34, 52, 53<\/td><td class=\"column-3\"><a href=\"mailto:windykacje@rsmchemik.pl\">windykacje@rsmchemik.pl<\/a><\/td>\n<\/tr>\n<tr class=\"row-6\">\n\t<td class=\"column-1\"><strong>Inspektor Ochrony Danych Osobowych<\/strong><\/td><td class=\"column-2\"><\/td><td class=\"column-3\"><a href=\"mailto:inspektorochronydanych@rsmchemik.pl\">inspektorochronydanych@rsmchemik.pl<\/a><\/td>\n<\/tr>\n<\/tbody>\n<\/table>\n<!-- #tablepress-2 from cache -->\n\r\n\r\n\r\n<p><strong>Administracje Osiedli:<\/strong><\/p>\r\n\r\n\r\n\r\n<p><strong>AO-1 &#8211; Osiedle \u201eXXV-Lecia\u201d<\/strong><br \/>ul. Harcerska 13 <br \/>47-220 K\u0119dzierzyn-Ko\u017ale <br \/>Tel. 77 48 35\u00a0501\/ 77 48 32\u00a0426<br \/><a href=\"mailto:ao1@rsmchemik.pl\">ao1@rsmchemik.pl<\/a><\/p>\r\n\r\n\r\n\r\n<p><strong>AO-2 &#8211; Osiedle \u201eLe\u015bne\u201d<\/strong><br \/>Plac Jana Surzyckiego 2 <br \/>47-224 K\u0119dzierzyn-Ko\u017ale<br \/>Tel. 77 48 33\u00a0313\/ 77 48 33\u00a0239<br \/><a href=\"mailto:ao2@rsmchemik.pl\">ao2@rsmchemik.pl<\/a><\/p>\r\n\r\n\r\n\r\n<p><strong>AO-3\/5 &#8211; Osiedle \u201ePiast\u00f3w\u201d\/\u201ePowsta\u0144c\u00f3w \u015al\u0105skich\u201d<\/strong><br \/>ul. Kazimierza Wielkiego 9<br \/>47-232 K\u0119dzierzyn-Ko\u017ale <br \/>Tel. 77 48 33\u00a0342 \/ 77 48 32\u00a0131<br \/><a href=\"mailto:ao3@rsmchemik.pl\">ao3@rsmchemik.pl<\/a><\/p>\r\n\r\n\r\n\r\n<p><strong>AO-4 &#8211; Osiedle \u201eJedno\u015b\u0107\u201d<\/strong><br \/>ul. Marii Konopnickiej 2 <br \/>47-200 K\u0119dzierzyn-Ko\u017ale <br \/>Tel. 77 48 22\u00a0011 \/ 77 48 26\u00a0772<br \/><a href=\"mailto:ao4@rsmchemik.pl\">ao4@rsmchemik.pl<\/a><\/p>\r\n\r\n\r\n\r\n<p><strong>Biura Zarz\u0105du Sp\u00f3\u0142dzielni i Administracje s\u0105 czynne:<\/strong><br \/>Poniedzia\u0142ek : 8:00 &#8211; 17:00 <br \/>Wtorek, \u015aroda, Czwartek : 7:00 &#8211; 15:00 <br \/>Pi\u0105tek : 7:00 &#8211; 14:00<\/p>\r\n\r\n\r\n\r\n<p><strong>Dzia\u0142 Obs\u0142ugi Klienta czynny:<\/strong><br \/>Poniedzia\u0142ek : 8:00 &#8211; 17:00 <br \/>Wtorek, \u015aroda, Czwartek : 7:00 &#8211; 15:00<br \/>Pi\u0105tek : 7:00 &#8211; 14:00<br \/><!--more--><\/p>\r\n<p><strong>Pogotowie techniczne:<\/strong><\/p>\r\n\r\n\r\n\r\n\r\n\n<table id=\"tablepress-3\" class=\"tablepress tablepress-id-3\">\n<tbody>\n<tr class=\"row-1\">\n\t<td class=\"column-1\"><strong>gazowe, wodno-kanalizacyjne, centralnego ogrzewania, elektryczne<\/strong><\/td><td class=\"column-2\"><\/td>\n<\/tr>\n<tr class=\"row-2\">\n\t<td class=\"column-1\">dni robocze    - 7:00 - 15:00<\/td><td class=\"column-2\">77 48 19 233 \/ 77 48 19 200 <br \/>\n77 48 21 128<\/td>\n<\/tr>\n<tr class=\"row-3\">\n\t<td class=\"column-1\">poza godzinami pracy, w \u015bwi\u0119ta i weekendy<br \/>\n             - gaz, wod.-kan., c.o<br \/>\n             - elektryczne \/ stolarz<\/td><td class=\"column-2\">.<br \/>\n<br \/>\n602\u00a0761\u00a0375 \/ 603\u00a0646\u00a0148 <br \/>\n602\u00a0761\u00a0365<\/td>\n<\/tr>\n<tr class=\"row-4\">\n\t<td class=\"column-1\"><strong>d\u017awigowe<\/strong><\/td><td class=\"column-2\"><\/td>\n<\/tr>\n<tr class=\"row-5\">\n\t<td class=\"column-1\">dni robocze    - 7:00 - 15:00<\/td><td class=\"column-2\">77 48 35\u00a0747<\/td>\n<\/tr>\n<tr class=\"row-6\">\n\t<td class=\"column-1\">pogotowie d\u017awigowe \u2013 ca\u0142odobowe<\/td><td class=\"column-2\">885\u00a0665\u00a0999<\/td>\n<\/tr>\n<tr class=\"row-7\">\n\t<td class=\"column-1\">konserwatorzy d\u017awig\u00f3w<\/td><td class=\"column-2\">693 666 554<br \/>\n695 429 227<\/td>\n<\/tr>\n<\/tbody>\n<\/table>\n<!-- #tablepress-3 from cache -->\n\r\n\r\n\r\n<p>&nbsp;<\/p>\r\n","protected":false},"excerpt":{"rendered":"<p>Kontakt Robotnicza Sp\u00f3\u0142dzielnia Mieszkaniowa \u201eChemik\u201dul. 9 Maja 6 47-220 K\u0119dzierzyn-Ko\u017ale Tel: 77 48 33 236 centrala\u00a0 \u00a0 \u00a0 \u00a077 48 32 191\u00a0 gospodarka zasobami mieszkaniowymi\u00a0 \u00a0 \u00a0 \u00a077 48 33 311\u00a0 sekretariat\u00a0 \u00a0 \u00a0 \u00a077 48 33 236 wew. 44\u00a0 kadry Wykaz telefonicznych numer\u00f3w wewn\u0119trznych oraz adres\u00f3w e-mail w biurach Zarz\u0105du Sp\u00f3\u0142dzielni: Administracje Osiedli: AO-1 &hellip; <\/p>\n<p class=\"link-more\"><a href=\"https:\/\/rsmchemik.pl\/index.php\/kontakt\/\" class=\"more-link\">Czytaj dalej<span class=\"screen-reader-text\"> \u201eKontakt\u201d<\/span><\/a><\/p>\n","protected":false},"author":1,"featured_media":0,"parent":0,"menu_order":0,"comment_status":"closed","ping_status":"closed","template":"","meta":{"footnotes":""},"folder":[],"class_list":["post-7","page","type-page","status-publish","hentry"],"yoast_head":"<!-- This site is optimized with the Yoast SEO plugin v27.5 - https:\/\/yoast.com\/product\/yoast-seo-wordpress\/ -->\n<title>Kontakt - RSM Chemik<\/title>\n<meta name=\"robots\" content=\"index, follow, max-snippet:-1, max-image-preview:large, max-video-preview:-1\" \/>\n<link rel=\"canonical\" href=\"https:\/\/rsmchemik.pl\/index.php\/kontakt\/\" \/>\n<meta property=\"og:locale\" content=\"pl_PL\" \/>\n<meta property=\"og:type\" content=\"article\" \/>\n<meta property=\"og:title\" content=\"Kontakt - RSM Chemik\" \/>\n<meta property=\"og:description\" content=\"Kontakt Robotnicza Sp\u00f3\u0142dzielnia Mieszkaniowa \u201eChemik\u201dul. 9 Maja 6 47-220 K\u0119dzierzyn-Ko\u017ale Tel: 77 48 33 236 centrala\u00a0 \u00a0 \u00a0 \u00a077 48 32 191\u00a0 gospodarka zasobami mieszkaniowymi\u00a0 \u00a0 \u00a0 \u00a077 48 33 311\u00a0 sekretariat\u00a0 \u00a0 \u00a0 \u00a077 48 33 236 wew. 44\u00a0 kadry Wykaz telefonicznych numer\u00f3w wewn\u0119trznych oraz adres\u00f3w e-mail w biurach Zarz\u0105du Sp\u00f3\u0142dzielni: Administracje Osiedli: AO-1 &hellip; Czytaj dalej \u201eKontakt\u201d\" \/>\n<meta property=\"og:url\" content=\"https:\/\/rsmchemik.pl\/index.php\/kontakt\/\" \/>\n<meta property=\"og:site_name\" content=\"RSM Chemik\" \/>\n<meta property=\"article:modified_time\" content=\"2024-01-28T14:27:29+00:00\" \/>\n<meta name=\"twitter:card\" content=\"summary_large_image\" \/>\n<meta name=\"twitter:label1\" content=\"Szacowany czas czytania\" \/>\n\t<meta name=\"twitter:data1\" content=\"2 minuty\" \/>\n<script type=\"application\/ld+json\" class=\"yoast-schema-graph\">{\"@context\":\"https:\\\/\\\/schema.org\",\"@graph\":[{\"@type\":\"WebPage\",\"@id\":\"https:\\\/\\\/rsmchemik.pl\\\/index.php\\\/kontakt\\\/\",\"url\":\"https:\\\/\\\/rsmchemik.pl\\\/index.php\\\/kontakt\\\/\",\"name\":\"Kontakt - RSM Chemik\",\"isPartOf\":{\"@id\":\"https:\\\/\\\/rsmchemik.pl\\\/#website\"},\"datePublished\":\"2020-02-06T18:14:57+00:00\",\"dateModified\":\"2024-01-28T14:27:29+00:00\",\"breadcrumb\":{\"@id\":\"https:\\\/\\\/rsmchemik.pl\\\/index.php\\\/kontakt\\\/#breadcrumb\"},\"inLanguage\":\"pl-PL\",\"potentialAction\":[{\"@type\":\"ReadAction\",\"target\":[\"https:\\\/\\\/rsmchemik.pl\\\/index.php\\\/kontakt\\\/\"]}]},{\"@type\":\"BreadcrumbList\",\"@id\":\"https:\\\/\\\/rsmchemik.pl\\\/index.php\\\/kontakt\\\/#breadcrumb\",\"itemListElement\":[{\"@type\":\"ListItem\",\"position\":1,\"name\":\"Strona g\u0142\u00f3wna\",\"item\":\"https:\\\/\\\/rsmchemik.pl\\\/\"},{\"@type\":\"ListItem\",\"position\":2,\"name\":\"Kontakt\"}]},{\"@type\":\"WebSite\",\"@id\":\"https:\\\/\\\/rsmchemik.pl\\\/#website\",\"url\":\"https:\\\/\\\/rsmchemik.pl\\\/\",\"name\":\"RSM Chemik\",\"description\":\"Robotnicza Sp\u00f3\u0142dzielnia Mieszkaniowa \u201eChemik\u201d w K\u0119dzierzynie-Ko\u017alu\",\"publisher\":{\"@id\":\"https:\\\/\\\/rsmchemik.pl\\\/#organization\"},\"potentialAction\":[{\"@type\":\"SearchAction\",\"target\":{\"@type\":\"EntryPoint\",\"urlTemplate\":\"https:\\\/\\\/rsmchemik.pl\\\/?s={search_term_string}\"},\"query-input\":{\"@type\":\"PropertyValueSpecification\",\"valueRequired\":true,\"valueName\":\"search_term_string\"}}],\"inLanguage\":\"pl-PL\"},{\"@type\":\"Organization\",\"@id\":\"https:\\\/\\\/rsmchemik.pl\\\/#organization\",\"name\":\"RSM Chemik\",\"url\":\"https:\\\/\\\/rsmchemik.pl\\\/\",\"logo\":{\"@type\":\"ImageObject\",\"inLanguage\":\"pl-PL\",\"@id\":\"https:\\\/\\\/rsmchemik.pl\\\/#\\\/schema\\\/logo\\\/image\\\/\",\"url\":\"https:\\\/\\\/rsmchemik.pl\\\/wp-content\\\/uploads\\\/2020\\\/02\\\/logo.png\",\"contentUrl\":\"https:\\\/\\\/rsmchemik.pl\\\/wp-content\\\/uploads\\\/2020\\\/02\\\/logo.png\",\"width\":500,\"height\":653,\"caption\":\"RSM Chemik\"},\"image\":{\"@id\":\"https:\\\/\\\/rsmchemik.pl\\\/#\\\/schema\\\/logo\\\/image\\\/\"}}]}<\/script>\n<!-- \/ Yoast SEO plugin. -->","yoast_head_json":{"title":"Kontakt - RSM Chemik","robots":{"index":"index","follow":"follow","max-snippet":"max-snippet:-1","max-image-preview":"max-image-preview:large","max-video-preview":"max-video-preview:-1"},"canonical":"https:\/\/rsmchemik.pl\/index.php\/kontakt\/","og_locale":"pl_PL","og_type":"article","og_title":"Kontakt - RSM Chemik","og_description":"Kontakt Robotnicza Sp\u00f3\u0142dzielnia Mieszkaniowa \u201eChemik\u201dul. 9 Maja 6 47-220 K\u0119dzierzyn-Ko\u017ale Tel: 77 48 33 236 centrala\u00a0 \u00a0 \u00a0 \u00a077 48 32 191\u00a0 gospodarka zasobami mieszkaniowymi\u00a0 \u00a0 \u00a0 \u00a077 48 33 311\u00a0 sekretariat\u00a0 \u00a0 \u00a0 \u00a077 48 33 236 wew. 44\u00a0 kadry Wykaz telefonicznych numer\u00f3w wewn\u0119trznych oraz adres\u00f3w e-mail w biurach Zarz\u0105du Sp\u00f3\u0142dzielni: Administracje Osiedli: AO-1 &hellip; Czytaj dalej \u201eKontakt\u201d","og_url":"https:\/\/rsmchemik.pl\/index.php\/kontakt\/","og_site_name":"RSM Chemik","article_modified_time":"2024-01-28T14:27:29+00:00","twitter_card":"summary_large_image","twitter_misc":{"Szacowany czas czytania":"2 minuty"},"schema":{"@context":"https:\/\/schema.org","@graph":[{"@type":"WebPage","@id":"https:\/\/rsmchemik.pl\/index.php\/kontakt\/","url":"https:\/\/rsmchemik.pl\/index.php\/kontakt\/","name":"Kontakt - RSM Chemik","isPartOf":{"@id":"https:\/\/rsmchemik.pl\/#website"},"datePublished":"2020-02-06T18:14:57+00:00","dateModified":"2024-01-28T14:27:29+00:00","breadcrumb":{"@id":"https:\/\/rsmchemik.pl\/index.php\/kontakt\/#breadcrumb"},"inLanguage":"pl-PL","potentialAction":[{"@type":"ReadAction","target":["https:\/\/rsmchemik.pl\/index.php\/kontakt\/"]}]},{"@type":"BreadcrumbList","@id":"https:\/\/rsmchemik.pl\/index.php\/kontakt\/#breadcrumb","itemListElement":[{"@type":"ListItem","position":1,"name":"Strona g\u0142\u00f3wna","item":"https:\/\/rsmchemik.pl\/"},{"@type":"ListItem","position":2,"name":"Kontakt"}]},{"@type":"WebSite","@id":"https:\/\/rsmchemik.pl\/#website","url":"https:\/\/rsmchemik.pl\/","name":"RSM Chemik","description":"Robotnicza Sp\u00f3\u0142dzielnia Mieszkaniowa \u201eChemik\u201d w K\u0119dzierzynie-Ko\u017alu","publisher":{"@id":"https:\/\/rsmchemik.pl\/#organization"},"potentialAction":[{"@type":"SearchAction","target":{"@type":"EntryPoint","urlTemplate":"https:\/\/rsmchemik.pl\/?s={search_term_string}"},"query-input":{"@type":"PropertyValueSpecification","valueRequired":true,"valueName":"search_term_string"}}],"inLanguage":"pl-PL"},{"@type":"Organization","@id":"https:\/\/rsmchemik.pl\/#organization","name":"RSM Chemik","url":"https:\/\/rsmchemik.pl\/","logo":{"@type":"ImageObject","inLanguage":"pl-PL","@id":"https:\/\/rsmchemik.pl\/#\/schema\/logo\/image\/","url":"https:\/\/rsmchemik.pl\/wp-content\/uploads\/2020\/02\/logo.png","contentUrl":"https:\/\/rsmchemik.pl\/wp-content\/uploads\/2020\/02\/logo.png","width":500,"height":653,"caption":"RSM Chemik"},"image":{"@id":"https:\/\/rsmchemik.pl\/#\/schema\/logo\/image\/"}}]}},"_links":{"self":[{"href":"https:\/\/rsmchemik.pl\/index.php\/wp-json\/wp\/v2\/pages\/7","targetHints":{"allow":["GET"]}}],"collection":[{"href":"https:\/\/rsmchemik.pl\/index.php\/wp-json\/wp\/v2\/pages"}],"about":[{"href":"https:\/\/rsmchemik.pl\/index.php\/wp-json\/wp\/v2\/types\/page"}],"author":[{"embeddable":true,"href":"https:\/\/rsmchemik.pl\/index.php\/wp-json\/wp\/v2\/users\/1"}],"replies":[{"embeddable":true,"href":"https:\/\/rsmchemik.pl\/index.php\/wp-json\/wp\/v2\/comments?post=7"}],"version-history":[{"count":23,"href":"https:\/\/rsmchemik.pl\/index.php\/wp-json\/wp\/v2\/pages\/7\/revisions"}],"predecessor-version":[{"id":3102,"href":"https:\/\/rsmchemik.pl\/index.php\/wp-json\/wp\/v2\/pages\/7\/revisions\/3102"}],"wp:attachment":[{"href":"https:\/\/rsmchemik.pl\/index.php\/wp-json\/wp\/v2\/media?parent=7"}],"wp:term":[{"taxonomy":"folder","embeddable":true,"href":"https:\/\/rsmchemik.pl\/index.php\/wp-json\/wp\/v2\/folder?post=7"}],"curies":[{"name":"wp","href":"https:\/\/api.w.org\/{rel}","templated":true}]}}