{"id":207,"date":"2020-02-18T12:14:54","date_gmt":"2020-02-18T11:14:54","guid":{"rendered":"http:\/\/rsmchemik.pl\/?page_id=207"},"modified":"2020-03-23T09:48:13","modified_gmt":"2020-03-23T08:48:13","slug":"taniec-dworski","status":"publish","type":"page","link":"https:\/\/rsmchemik.pl\/index.php\/taniec-dworski\/","title":{"rendered":"Taniec dworski"},"content":{"rendered":"\n<p style=\"font-size:26px\"><strong>Taniec dworski<\/strong><\/p>\n\n\n\n<p>Forma <a href=\"https:\/\/pl.wikipedia.org\/wiki\/Taniec\">ta\u0144ca<\/a>, kt\u00f3ra ukszta\u0142towa\u0142a si\u0119 pod koniec <a href=\"https:\/\/pl.wikipedia.org\/wiki\/\u015aredniowiecze\">\u015bredniowiecza<\/a> i by\u0142a popularna do <a href=\"https:\/\/pl.wikipedia.org\/wiki\/XVIII_wiek\">XVIII w.<\/a> na najbogatszych dworach europejskich, w\u015br\u00f3d koronowanych g\u0142\u00f3w, najwy\u017cszej arystokracji i dworzan. Grupa Stworzona przez Zesp\u00f3\u0142 Pie\u015bni i Ta\u0144ca &#8222;Komes&#8221;, kt\u00f3ra \u0107wiczy raz w tygodniu w Osiedlowym Domu Kultury &#8222;Komes&#8221;. Instruktorem grupy jest pani Bronias\u0142awa \u015awierc.<\/p>\n\n\n\n<figure class=\"wp-block-gallery columns-4 is-cropped wp-block-gallery-1 is-layout-flex wp-block-gallery-is-layout-flex\"><ul class=\"blocks-gallery-grid\"><li class=\"blocks-gallery-item\"><figure><a href=\"http:\/\/rsmchemik.pl\/wp-content\/uploads\/2020\/03\/taniec_dworski_01.jpg\"><img loading=\"lazy\" decoding=\"async\" width=\"1024\" height=\"576\" src=\"http:\/\/rsmchemik.pl\/wp-content\/uploads\/2020\/03\/taniec_dworski_01-1024x576.jpg\" alt=\"\" data-id=\"812\" data-full-url=\"http:\/\/rsmchemik.pl\/wp-content\/uploads\/2020\/03\/taniec_dworski_01.jpg\" data-link=\"http:\/\/rsmchemik.pl\/index.php\/taniec-dworski\/taniec_dworski_01\/\" class=\"wp-image-812\" srcset=\"https:\/\/rsmchemik.pl\/wp-content\/uploads\/2020\/03\/taniec_dworski_01-1024x576.jpg 1024w, https:\/\/rsmchemik.pl\/wp-content\/uploads\/2020\/03\/taniec_dworski_01-300x169.jpg 300w, https:\/\/rsmchemik.pl\/wp-content\/uploads\/2020\/03\/taniec_dworski_01-768x432.jpg 768w, https:\/\/rsmchemik.pl\/wp-content\/uploads\/2020\/03\/taniec_dworski_01-1536x864.jpg 1536w, https:\/\/rsmchemik.pl\/wp-content\/uploads\/2020\/03\/taniec_dworski_01.jpg 2048w\" sizes=\"auto, (max-width: 767px) 89vw, (max-width: 1000px) 54vw, (max-width: 1071px) 543px, 580px\" \/><\/a><\/figure><\/li><li class=\"blocks-gallery-item\"><figure><a href=\"http:\/\/rsmchemik.pl\/wp-content\/uploads\/2020\/03\/taniec_dworski_02.jpg\"><img loading=\"lazy\" decoding=\"async\" width=\"1024\" height=\"768\" src=\"http:\/\/rsmchemik.pl\/wp-content\/uploads\/2020\/03\/taniec_dworski_02-1024x768.jpg\" alt=\"\" data-id=\"813\" data-full-url=\"http:\/\/rsmchemik.pl\/wp-content\/uploads\/2020\/03\/taniec_dworski_02.jpg\" data-link=\"http:\/\/rsmchemik.pl\/index.php\/taniec-dworski\/taniec_dworski_02\/\" class=\"wp-image-813\" srcset=\"https:\/\/rsmchemik.pl\/wp-content\/uploads\/2020\/03\/taniec_dworski_02-1024x768.jpg 1024w, https:\/\/rsmchemik.pl\/wp-content\/uploads\/2020\/03\/taniec_dworski_02-300x225.jpg 300w, https:\/\/rsmchemik.pl\/wp-content\/uploads\/2020\/03\/taniec_dworski_02-768x576.jpg 768w, https:\/\/rsmchemik.pl\/wp-content\/uploads\/2020\/03\/taniec_dworski_02.jpg 1440w\" sizes=\"auto, (max-width: 767px) 89vw, (max-width: 1000px) 54vw, (max-width: 1071px) 543px, 580px\" \/><\/a><\/figure><\/li><li class=\"blocks-gallery-item\"><figure><a href=\"http:\/\/rsmchemik.pl\/wp-content\/uploads\/2020\/03\/taniec_dworski_03.jpg\"><img loading=\"lazy\" decoding=\"async\" width=\"1024\" height=\"576\" src=\"http:\/\/rsmchemik.pl\/wp-content\/uploads\/2020\/03\/taniec_dworski_03-1024x576.jpg\" alt=\"\" data-id=\"814\" data-full-url=\"http:\/\/rsmchemik.pl\/wp-content\/uploads\/2020\/03\/taniec_dworski_03.jpg\" data-link=\"http:\/\/rsmchemik.pl\/index.php\/taniec-dworski\/taniec_dworski_03\/\" class=\"wp-image-814\" srcset=\"https:\/\/rsmchemik.pl\/wp-content\/uploads\/2020\/03\/taniec_dworski_03-1024x576.jpg 1024w, https:\/\/rsmchemik.pl\/wp-content\/uploads\/2020\/03\/taniec_dworski_03-300x169.jpg 300w, https:\/\/rsmchemik.pl\/wp-content\/uploads\/2020\/03\/taniec_dworski_03-768x432.jpg 768w, https:\/\/rsmchemik.pl\/wp-content\/uploads\/2020\/03\/taniec_dworski_03-1536x864.jpg 1536w, https:\/\/rsmchemik.pl\/wp-content\/uploads\/2020\/03\/taniec_dworski_03.jpg 2016w\" sizes=\"auto, (max-width: 767px) 89vw, (max-width: 1000px) 54vw, (max-width: 1071px) 543px, 580px\" \/><\/a><\/figure><\/li><li class=\"blocks-gallery-item\"><figure><a href=\"http:\/\/rsmchemik.pl\/wp-content\/uploads\/2020\/03\/taniec_dworski_04.jpg\"><img loading=\"lazy\" decoding=\"async\" width=\"1024\" height=\"576\" src=\"http:\/\/rsmchemik.pl\/wp-content\/uploads\/2020\/03\/taniec_dworski_04-1024x576.jpg\" alt=\"\" data-id=\"815\" data-full-url=\"http:\/\/rsmchemik.pl\/wp-content\/uploads\/2020\/03\/taniec_dworski_04.jpg\" data-link=\"http:\/\/rsmchemik.pl\/index.php\/taniec-dworski\/taniec_dworski_04\/\" class=\"wp-image-815\" srcset=\"https:\/\/rsmchemik.pl\/wp-content\/uploads\/2020\/03\/taniec_dworski_04-1024x576.jpg 1024w, https:\/\/rsmchemik.pl\/wp-content\/uploads\/2020\/03\/taniec_dworski_04-300x169.jpg 300w, https:\/\/rsmchemik.pl\/wp-content\/uploads\/2020\/03\/taniec_dworski_04-768x432.jpg 768w, https:\/\/rsmchemik.pl\/wp-content\/uploads\/2020\/03\/taniec_dworski_04-1536x864.jpg 1536w, https:\/\/rsmchemik.pl\/wp-content\/uploads\/2020\/03\/taniec_dworski_04.jpg 2016w\" sizes=\"auto, (max-width: 767px) 89vw, (max-width: 1000px) 54vw, (max-width: 1071px) 543px, 580px\" \/><\/a><\/figure><\/li><li class=\"blocks-gallery-item\"><figure><a href=\"http:\/\/rsmchemik.pl\/wp-content\/uploads\/2020\/03\/taniec_dworski_05.jpg\"><img loading=\"lazy\" decoding=\"async\" width=\"1024\" height=\"576\" src=\"http:\/\/rsmchemik.pl\/wp-content\/uploads\/2020\/03\/taniec_dworski_05-1024x576.jpg\" alt=\"\" data-id=\"816\" data-full-url=\"http:\/\/rsmchemik.pl\/wp-content\/uploads\/2020\/03\/taniec_dworski_05.jpg\" data-link=\"http:\/\/rsmchemik.pl\/index.php\/taniec-dworski\/taniec_dworski_05\/\" class=\"wp-image-816\" srcset=\"https:\/\/rsmchemik.pl\/wp-content\/uploads\/2020\/03\/taniec_dworski_05-1024x576.jpg 1024w, https:\/\/rsmchemik.pl\/wp-content\/uploads\/2020\/03\/taniec_dworski_05-300x169.jpg 300w, https:\/\/rsmchemik.pl\/wp-content\/uploads\/2020\/03\/taniec_dworski_05-768x432.jpg 768w, https:\/\/rsmchemik.pl\/wp-content\/uploads\/2020\/03\/taniec_dworski_05-1536x864.jpg 1536w, https:\/\/rsmchemik.pl\/wp-content\/uploads\/2020\/03\/taniec_dworski_05.jpg 2048w\" sizes=\"auto, (max-width: 767px) 89vw, (max-width: 1000px) 54vw, (max-width: 1071px) 543px, 580px\" \/><\/a><\/figure><\/li><li class=\"blocks-gallery-item\"><figure><a href=\"http:\/\/rsmchemik.pl\/wp-content\/uploads\/2020\/03\/taniec_dworski_06.jpg\"><img loading=\"lazy\" decoding=\"async\" width=\"1024\" height=\"685\" src=\"http:\/\/rsmchemik.pl\/wp-content\/uploads\/2020\/03\/taniec_dworski_06-1024x685.jpg\" alt=\"\" data-id=\"817\" data-full-url=\"http:\/\/rsmchemik.pl\/wp-content\/uploads\/2020\/03\/taniec_dworski_06.jpg\" data-link=\"http:\/\/rsmchemik.pl\/index.php\/taniec-dworski\/taniec_dworski_06\/\" class=\"wp-image-817\" srcset=\"https:\/\/rsmchemik.pl\/wp-content\/uploads\/2020\/03\/taniec_dworski_06-1024x685.jpg 1024w, https:\/\/rsmchemik.pl\/wp-content\/uploads\/2020\/03\/taniec_dworski_06-300x201.jpg 300w, https:\/\/rsmchemik.pl\/wp-content\/uploads\/2020\/03\/taniec_dworski_06-768x514.jpg 768w, https:\/\/rsmchemik.pl\/wp-content\/uploads\/2020\/03\/taniec_dworski_06-1536x1028.jpg 1536w, https:\/\/rsmchemik.pl\/wp-content\/uploads\/2020\/03\/taniec_dworski_06.jpg 1936w\" sizes=\"auto, (max-width: 767px) 89vw, (max-width: 1000px) 54vw, (max-width: 1071px) 543px, 580px\" \/><\/a><\/figure><\/li><li class=\"blocks-gallery-item\"><figure><a href=\"http:\/\/rsmchemik.pl\/wp-content\/uploads\/2020\/03\/taniec_dworski_07.jpg\"><img loading=\"lazy\" decoding=\"async\" width=\"1024\" height=\"685\" src=\"http:\/\/rsmchemik.pl\/wp-content\/uploads\/2020\/03\/taniec_dworski_07-1024x685.jpg\" alt=\"\" data-id=\"818\" data-full-url=\"http:\/\/rsmchemik.pl\/wp-content\/uploads\/2020\/03\/taniec_dworski_07.jpg\" data-link=\"http:\/\/rsmchemik.pl\/index.php\/taniec-dworski\/taniec_dworski_07\/\" class=\"wp-image-818\" srcset=\"https:\/\/rsmchemik.pl\/wp-content\/uploads\/2020\/03\/taniec_dworski_07-1024x685.jpg 1024w, https:\/\/rsmchemik.pl\/wp-content\/uploads\/2020\/03\/taniec_dworski_07-300x201.jpg 300w, https:\/\/rsmchemik.pl\/wp-content\/uploads\/2020\/03\/taniec_dworski_07-768x514.jpg 768w, https:\/\/rsmchemik.pl\/wp-content\/uploads\/2020\/03\/taniec_dworski_07-1536x1028.jpg 1536w, https:\/\/rsmchemik.pl\/wp-content\/uploads\/2020\/03\/taniec_dworski_07.jpg 1936w\" sizes=\"auto, (max-width: 767px) 89vw, (max-width: 1000px) 54vw, (max-width: 1071px) 543px, 580px\" \/><\/a><\/figure><\/li><li class=\"blocks-gallery-item\"><figure><a href=\"http:\/\/rsmchemik.pl\/wp-content\/uploads\/2020\/03\/taniec_dworski_08.jpg\"><img loading=\"lazy\" decoding=\"async\" width=\"1024\" height=\"685\" src=\"http:\/\/rsmchemik.pl\/wp-content\/uploads\/2020\/03\/taniec_dworski_08-1024x685.jpg\" alt=\"\" data-id=\"819\" data-full-url=\"http:\/\/rsmchemik.pl\/wp-content\/uploads\/2020\/03\/taniec_dworski_08.jpg\" data-link=\"http:\/\/rsmchemik.pl\/index.php\/taniec-dworski\/taniec_dworski_08\/\" class=\"wp-image-819\" srcset=\"https:\/\/rsmchemik.pl\/wp-content\/uploads\/2020\/03\/taniec_dworski_08-1024x685.jpg 1024w, https:\/\/rsmchemik.pl\/wp-content\/uploads\/2020\/03\/taniec_dworski_08-300x201.jpg 300w, https:\/\/rsmchemik.pl\/wp-content\/uploads\/2020\/03\/taniec_dworski_08-768x514.jpg 768w, https:\/\/rsmchemik.pl\/wp-content\/uploads\/2020\/03\/taniec_dworski_08-1536x1028.jpg 1536w, https:\/\/rsmchemik.pl\/wp-content\/uploads\/2020\/03\/taniec_dworski_08.jpg 1936w\" sizes=\"auto, (max-width: 767px) 89vw, (max-width: 1000px) 54vw, (max-width: 1071px) 543px, 580px\" \/><\/a><\/figure><\/li><\/ul><\/figure>\n","protected":false},"excerpt":{"rendered":"<p>Taniec dworski Forma ta\u0144ca, kt\u00f3ra ukszta\u0142towa\u0142a si\u0119 pod koniec \u015bredniowiecza i by\u0142a popularna do XVIII w. na najbogatszych dworach europejskich, w\u015br\u00f3d koronowanych g\u0142\u00f3w, najwy\u017cszej arystokracji i dworzan. Grupa Stworzona przez Zesp\u00f3\u0142 Pie\u015bni i Ta\u0144ca &#8222;Komes&#8221;, kt\u00f3ra \u0107wiczy raz w tygodniu w Osiedlowym Domu Kultury &#8222;Komes&#8221;. Instruktorem grupy jest pani Bronias\u0142awa \u015awierc.<\/p>\n","protected":false},"author":2,"featured_media":0,"parent":0,"menu_order":0,"comment_status":"closed","ping_status":"closed","template":"","meta":{"footnotes":""},"folder":[],"class_list":["post-207","page","type-page","status-publish","hentry"],"yoast_head":"<!-- This site is optimized with the Yoast SEO plugin v27.4 - https:\/\/yoast.com\/product\/yoast-seo-wordpress\/ -->\n<title>Taniec dworski - RSM Chemik<\/title>\n<meta name=\"robots\" content=\"index, follow, max-snippet:-1, max-image-preview:large, max-video-preview:-1\" \/>\n<link rel=\"canonical\" href=\"https:\/\/rsmchemik.pl\/index.php\/taniec-dworski\/\" \/>\n<meta property=\"og:locale\" content=\"pl_PL\" \/>\n<meta property=\"og:type\" content=\"article\" \/>\n<meta property=\"og:title\" content=\"Taniec dworski - RSM Chemik\" \/>\n<meta property=\"og:description\" content=\"Taniec dworski Forma ta\u0144ca, kt\u00f3ra ukszta\u0142towa\u0142a si\u0119 pod koniec \u015bredniowiecza i by\u0142a popularna do XVIII w. na najbogatszych dworach europejskich, w\u015br\u00f3d koronowanych g\u0142\u00f3w, najwy\u017cszej arystokracji i dworzan. Grupa Stworzona przez Zesp\u00f3\u0142 Pie\u015bni i Ta\u0144ca &#8222;Komes&#8221;, kt\u00f3ra \u0107wiczy raz w tygodniu w Osiedlowym Domu Kultury &#8222;Komes&#8221;. Instruktorem grupy jest pani Bronias\u0142awa \u015awierc.\" \/>\n<meta property=\"og:url\" content=\"https:\/\/rsmchemik.pl\/index.php\/taniec-dworski\/\" \/>\n<meta property=\"og:site_name\" content=\"RSM Chemik\" \/>\n<meta property=\"article:modified_time\" content=\"2020-03-23T08:48:13+00:00\" \/>\n<meta property=\"og:image\" content=\"http:\/\/rsmchemik.pl\/wp-content\/uploads\/2020\/03\/taniec_dworski_01-1024x576.jpg\" \/>\n<meta name=\"twitter:card\" content=\"summary_large_image\" \/>\n<script type=\"application\/ld+json\" class=\"yoast-schema-graph\">{\"@context\":\"https:\\\/\\\/schema.org\",\"@graph\":[{\"@type\":\"WebPage\",\"@id\":\"https:\\\/\\\/rsmchemik.pl\\\/index.php\\\/taniec-dworski\\\/\",\"url\":\"https:\\\/\\\/rsmchemik.pl\\\/index.php\\\/taniec-dworski\\\/\",\"name\":\"Taniec dworski - RSM Chemik\",\"isPartOf\":{\"@id\":\"https:\\\/\\\/rsmchemik.pl\\\/#website\"},\"primaryImageOfPage\":{\"@id\":\"https:\\\/\\\/rsmchemik.pl\\\/index.php\\\/taniec-dworski\\\/#primaryimage\"},\"image\":{\"@id\":\"https:\\\/\\\/rsmchemik.pl\\\/index.php\\\/taniec-dworski\\\/#primaryimage\"},\"thumbnailUrl\":\"http:\\\/\\\/rsmchemik.pl\\\/wp-content\\\/uploads\\\/2020\\\/03\\\/taniec_dworski_01-1024x576.jpg\",\"datePublished\":\"2020-02-18T11:14:54+00:00\",\"dateModified\":\"2020-03-23T08:48:13+00:00\",\"breadcrumb\":{\"@id\":\"https:\\\/\\\/rsmchemik.pl\\\/index.php\\\/taniec-dworski\\\/#breadcrumb\"},\"inLanguage\":\"pl-PL\",\"potentialAction\":[{\"@type\":\"ReadAction\",\"target\":[\"https:\\\/\\\/rsmchemik.pl\\\/index.php\\\/taniec-dworski\\\/\"]}]},{\"@type\":\"ImageObject\",\"inLanguage\":\"pl-PL\",\"@id\":\"https:\\\/\\\/rsmchemik.pl\\\/index.php\\\/taniec-dworski\\\/#primaryimage\",\"url\":\"https:\\\/\\\/rsmchemik.pl\\\/wp-content\\\/uploads\\\/2020\\\/03\\\/taniec_dworski_01.jpg\",\"contentUrl\":\"https:\\\/\\\/rsmchemik.pl\\\/wp-content\\\/uploads\\\/2020\\\/03\\\/taniec_dworski_01.jpg\",\"width\":2048,\"height\":1152},{\"@type\":\"BreadcrumbList\",\"@id\":\"https:\\\/\\\/rsmchemik.pl\\\/index.php\\\/taniec-dworski\\\/#breadcrumb\",\"itemListElement\":[{\"@type\":\"ListItem\",\"position\":1,\"name\":\"Strona g\u0142\u00f3wna\",\"item\":\"https:\\\/\\\/rsmchemik.pl\\\/\"},{\"@type\":\"ListItem\",\"position\":2,\"name\":\"Taniec dworski\"}]},{\"@type\":\"WebSite\",\"@id\":\"https:\\\/\\\/rsmchemik.pl\\\/#website\",\"url\":\"https:\\\/\\\/rsmchemik.pl\\\/\",\"name\":\"RSM Chemik\",\"description\":\"Robotnicza Sp\u00f3\u0142dzielnia Mieszkaniowa \u201eChemik\u201d w K\u0119dzierzynie-Ko\u017alu\",\"publisher\":{\"@id\":\"https:\\\/\\\/rsmchemik.pl\\\/#organization\"},\"potentialAction\":[{\"@type\":\"SearchAction\",\"target\":{\"@type\":\"EntryPoint\",\"urlTemplate\":\"https:\\\/\\\/rsmchemik.pl\\\/?s={search_term_string}\"},\"query-input\":{\"@type\":\"PropertyValueSpecification\",\"valueRequired\":true,\"valueName\":\"search_term_string\"}}],\"inLanguage\":\"pl-PL\"},{\"@type\":\"Organization\",\"@id\":\"https:\\\/\\\/rsmchemik.pl\\\/#organization\",\"name\":\"RSM Chemik\",\"url\":\"https:\\\/\\\/rsmchemik.pl\\\/\",\"logo\":{\"@type\":\"ImageObject\",\"inLanguage\":\"pl-PL\",\"@id\":\"https:\\\/\\\/rsmchemik.pl\\\/#\\\/schema\\\/logo\\\/image\\\/\",\"url\":\"https:\\\/\\\/rsmchemik.pl\\\/wp-content\\\/uploads\\\/2020\\\/02\\\/logo.png\",\"contentUrl\":\"https:\\\/\\\/rsmchemik.pl\\\/wp-content\\\/uploads\\\/2020\\\/02\\\/logo.png\",\"width\":500,\"height\":653,\"caption\":\"RSM Chemik\"},\"image\":{\"@id\":\"https:\\\/\\\/rsmchemik.pl\\\/#\\\/schema\\\/logo\\\/image\\\/\"}}]}<\/script>\n<!-- \/ Yoast SEO plugin. -->","yoast_head_json":{"title":"Taniec dworski - RSM Chemik","robots":{"index":"index","follow":"follow","max-snippet":"max-snippet:-1","max-image-preview":"max-image-preview:large","max-video-preview":"max-video-preview:-1"},"canonical":"https:\/\/rsmchemik.pl\/index.php\/taniec-dworski\/","og_locale":"pl_PL","og_type":"article","og_title":"Taniec dworski - RSM Chemik","og_description":"Taniec dworski Forma ta\u0144ca, kt\u00f3ra ukszta\u0142towa\u0142a si\u0119 pod koniec \u015bredniowiecza i by\u0142a popularna do XVIII w. na najbogatszych dworach europejskich, w\u015br\u00f3d koronowanych g\u0142\u00f3w, najwy\u017cszej arystokracji i dworzan. Grupa Stworzona przez Zesp\u00f3\u0142 Pie\u015bni i Ta\u0144ca &#8222;Komes&#8221;, kt\u00f3ra \u0107wiczy raz w tygodniu w Osiedlowym Domu Kultury &#8222;Komes&#8221;. Instruktorem grupy jest pani Bronias\u0142awa \u015awierc.","og_url":"https:\/\/rsmchemik.pl\/index.php\/taniec-dworski\/","og_site_name":"RSM Chemik","article_modified_time":"2020-03-23T08:48:13+00:00","og_image":[{"url":"http:\/\/rsmchemik.pl\/wp-content\/uploads\/2020\/03\/taniec_dworski_01-1024x576.jpg","type":"","width":"","height":""}],"twitter_card":"summary_large_image","schema":{"@context":"https:\/\/schema.org","@graph":[{"@type":"WebPage","@id":"https:\/\/rsmchemik.pl\/index.php\/taniec-dworski\/","url":"https:\/\/rsmchemik.pl\/index.php\/taniec-dworski\/","name":"Taniec dworski - RSM Chemik","isPartOf":{"@id":"https:\/\/rsmchemik.pl\/#website"},"primaryImageOfPage":{"@id":"https:\/\/rsmchemik.pl\/index.php\/taniec-dworski\/#primaryimage"},"image":{"@id":"https:\/\/rsmchemik.pl\/index.php\/taniec-dworski\/#primaryimage"},"thumbnailUrl":"http:\/\/rsmchemik.pl\/wp-content\/uploads\/2020\/03\/taniec_dworski_01-1024x576.jpg","datePublished":"2020-02-18T11:14:54+00:00","dateModified":"2020-03-23T08:48:13+00:00","breadcrumb":{"@id":"https:\/\/rsmchemik.pl\/index.php\/taniec-dworski\/#breadcrumb"},"inLanguage":"pl-PL","potentialAction":[{"@type":"ReadAction","target":["https:\/\/rsmchemik.pl\/index.php\/taniec-dworski\/"]}]},{"@type":"ImageObject","inLanguage":"pl-PL","@id":"https:\/\/rsmchemik.pl\/index.php\/taniec-dworski\/#primaryimage","url":"https:\/\/rsmchemik.pl\/wp-content\/uploads\/2020\/03\/taniec_dworski_01.jpg","contentUrl":"https:\/\/rsmchemik.pl\/wp-content\/uploads\/2020\/03\/taniec_dworski_01.jpg","width":2048,"height":1152},{"@type":"BreadcrumbList","@id":"https:\/\/rsmchemik.pl\/index.php\/taniec-dworski\/#breadcrumb","itemListElement":[{"@type":"ListItem","position":1,"name":"Strona g\u0142\u00f3wna","item":"https:\/\/rsmchemik.pl\/"},{"@type":"ListItem","position":2,"name":"Taniec dworski"}]},{"@type":"WebSite","@id":"https:\/\/rsmchemik.pl\/#website","url":"https:\/\/rsmchemik.pl\/","name":"RSM Chemik","description":"Robotnicza Sp\u00f3\u0142dzielnia Mieszkaniowa \u201eChemik\u201d w K\u0119dzierzynie-Ko\u017alu","publisher":{"@id":"https:\/\/rsmchemik.pl\/#organization"},"potentialAction":[{"@type":"SearchAction","target":{"@type":"EntryPoint","urlTemplate":"https:\/\/rsmchemik.pl\/?s={search_term_string}"},"query-input":{"@type":"PropertyValueSpecification","valueRequired":true,"valueName":"search_term_string"}}],"inLanguage":"pl-PL"},{"@type":"Organization","@id":"https:\/\/rsmchemik.pl\/#organization","name":"RSM Chemik","url":"https:\/\/rsmchemik.pl\/","logo":{"@type":"ImageObject","inLanguage":"pl-PL","@id":"https:\/\/rsmchemik.pl\/#\/schema\/logo\/image\/","url":"https:\/\/rsmchemik.pl\/wp-content\/uploads\/2020\/02\/logo.png","contentUrl":"https:\/\/rsmchemik.pl\/wp-content\/uploads\/2020\/02\/logo.png","width":500,"height":653,"caption":"RSM Chemik"},"image":{"@id":"https:\/\/rsmchemik.pl\/#\/schema\/logo\/image\/"}}]}},"_links":{"self":[{"href":"https:\/\/rsmchemik.pl\/index.php\/wp-json\/wp\/v2\/pages\/207","targetHints":{"allow":["GET"]}}],"collection":[{"href":"https:\/\/rsmchemik.pl\/index.php\/wp-json\/wp\/v2\/pages"}],"about":[{"href":"https:\/\/rsmchemik.pl\/index.php\/wp-json\/wp\/v2\/types\/page"}],"author":[{"embeddable":true,"href":"https:\/\/rsmchemik.pl\/index.php\/wp-json\/wp\/v2\/users\/2"}],"replies":[{"embeddable":true,"href":"https:\/\/rsmchemik.pl\/index.php\/wp-json\/wp\/v2\/comments?post=207"}],"version-history":[{"count":3,"href":"https:\/\/rsmchemik.pl\/index.php\/wp-json\/wp\/v2\/pages\/207\/revisions"}],"predecessor-version":[{"id":821,"href":"https:\/\/rsmchemik.pl\/index.php\/wp-json\/wp\/v2\/pages\/207\/revisions\/821"}],"wp:attachment":[{"href":"https:\/\/rsmchemik.pl\/index.php\/wp-json\/wp\/v2\/media?parent=207"}],"wp:term":[{"taxonomy":"folder","embeddable":true,"href":"https:\/\/rsmchemik.pl\/index.php\/wp-json\/wp\/v2\/folder?post=207"}],"curies":[{"name":"wp","href":"https:\/\/api.w.org\/{rel}","templated":true}]}}