{"id":181,"date":"2020-02-18T12:12:28","date_gmt":"2020-02-18T11:12:28","guid":{"rendered":"http:\/\/rsmchemik.pl\/?page_id=181"},"modified":"2025-02-05T11:29:34","modified_gmt":"2025-02-05T10:29:34","slug":"komesiaki","status":"publish","type":"page","link":"https:\/\/rsmchemik.pl\/index.php\/komesiaki\/","title":{"rendered":"Komesiaki"},"content":{"rendered":"\r\n<p style=\"font-size: 26px;\"><strong>Komesiaki<\/strong><\/p>\r\n\r\n\r\n\r\n<p>Grupa 6-9 latk\u00f3w, kt\u00f3ra \u0107wiczy ju\u017c drugi rok. Uczestnicy zaj\u0119\u0107 zaczynali od \u0107wicze\u0144 rytmicznych i s\u0142uchowych, natomiast w tym roku ta\u0144cz\u0105 do r\u00f3\u017cnych rodzaj\u00f3w muzyki disco-dance. Komesiaki maj\u0105 za sob\u0105 liczne wyst\u0119py.<\/p>\r\n\r\n\r\n\r\n<p>Instruktorem grupy jest pani mgr Magdalena Bednorz.<\/p>\r\n\r\n\r\n\r\n<figure class=\"wp-block-gallery has-nested-images columns-default is-cropped wp-block-gallery-1 is-layout-flex wp-block-gallery-is-layout-flex\">\r\n<figure class=\"wp-block-image size-large\"><a href=\"https:\/\/rsmchemik.pl\/wp-content\/uploads\/2025\/02\/438961493_824160383089531_2451914979302315130_n.jpg\"><img loading=\"lazy\" decoding=\"async\" data-id=\"3830\" class=\"alignnone wp-image-3830\" src=\"https:\/\/rsmchemik.pl\/wp-content\/uploads\/2025\/02\/438961493_824160383089531_2451914979302315130_n-1024x768.jpg\" alt=\"\" width=\"1024\" height=\"768\" srcset=\"https:\/\/rsmchemik.pl\/wp-content\/uploads\/2025\/02\/438961493_824160383089531_2451914979302315130_n-1024x768.jpg 1024w, https:\/\/rsmchemik.pl\/wp-content\/uploads\/2025\/02\/438961493_824160383089531_2451914979302315130_n-300x225.jpg 300w, https:\/\/rsmchemik.pl\/wp-content\/uploads\/2025\/02\/438961493_824160383089531_2451914979302315130_n-768x576.jpg 768w, https:\/\/rsmchemik.pl\/wp-content\/uploads\/2025\/02\/438961493_824160383089531_2451914979302315130_n-1536x1152.jpg 1536w, https:\/\/rsmchemik.pl\/wp-content\/uploads\/2025\/02\/438961493_824160383089531_2451914979302315130_n.jpg 2048w\" sizes=\"auto, (max-width: 767px) 89vw, (max-width: 1000px) 54vw, (max-width: 1071px) 543px, 580px\" \/><\/a><\/figure>\r\n\r\n\r\n\r\n<figure class=\"wp-block-image size-large\"><a href=\"https:\/\/rsmchemik.pl\/wp-content\/uploads\/2025\/02\/438963192_824160196422883_7620066798524062897_n.jpg\"><img loading=\"lazy\" decoding=\"async\" data-id=\"3831\" class=\"alignnone wp-image-3831\" src=\"https:\/\/rsmchemik.pl\/wp-content\/uploads\/2025\/02\/438963192_824160196422883_7620066798524062897_n-1024x768.jpg\" alt=\"\" width=\"1024\" height=\"768\" srcset=\"https:\/\/rsmchemik.pl\/wp-content\/uploads\/2025\/02\/438963192_824160196422883_7620066798524062897_n-1024x768.jpg 1024w, https:\/\/rsmchemik.pl\/wp-content\/uploads\/2025\/02\/438963192_824160196422883_7620066798524062897_n-300x225.jpg 300w, https:\/\/rsmchemik.pl\/wp-content\/uploads\/2025\/02\/438963192_824160196422883_7620066798524062897_n-768x576.jpg 768w, https:\/\/rsmchemik.pl\/wp-content\/uploads\/2025\/02\/438963192_824160196422883_7620066798524062897_n-1536x1152.jpg 1536w, https:\/\/rsmchemik.pl\/wp-content\/uploads\/2025\/02\/438963192_824160196422883_7620066798524062897_n.jpg 2048w\" sizes=\"auto, (max-width: 767px) 89vw, (max-width: 1000px) 54vw, (max-width: 1071px) 543px, 580px\" \/><\/a><\/figure>\r\n\r\n\r\n\r\n<figure class=\"wp-block-image size-large\"><a href=\"https:\/\/rsmchemik.pl\/wp-content\/uploads\/2025\/02\/445235566_846787867493449_2879482498146864584_n.jpg\"><img loading=\"lazy\" decoding=\"async\" data-id=\"3832\" class=\"alignnone wp-image-3832\" src=\"https:\/\/rsmchemik.pl\/wp-content\/uploads\/2025\/02\/445235566_846787867493449_2879482498146864584_n-1024x768.jpg\" alt=\"\" width=\"1024\" height=\"768\" srcset=\"https:\/\/rsmchemik.pl\/wp-content\/uploads\/2025\/02\/445235566_846787867493449_2879482498146864584_n-1024x768.jpg 1024w, https:\/\/rsmchemik.pl\/wp-content\/uploads\/2025\/02\/445235566_846787867493449_2879482498146864584_n-300x225.jpg 300w, https:\/\/rsmchemik.pl\/wp-content\/uploads\/2025\/02\/445235566_846787867493449_2879482498146864584_n-768x576.jpg 768w, https:\/\/rsmchemik.pl\/wp-content\/uploads\/2025\/02\/445235566_846787867493449_2879482498146864584_n-1536x1152.jpg 1536w, https:\/\/rsmchemik.pl\/wp-content\/uploads\/2025\/02\/445235566_846787867493449_2879482498146864584_n.jpg 2048w\" sizes=\"auto, (max-width: 767px) 89vw, (max-width: 1000px) 54vw, (max-width: 1071px) 543px, 580px\" \/><\/a><\/figure>\r\n\r\n\r\n\r\n<figure class=\"wp-block-image size-large\"><a href=\"https:\/\/rsmchemik.pl\/wp-content\/uploads\/2025\/02\/445369475_849407263898176_3054131406629283309_n.jpg\"><img loading=\"lazy\" decoding=\"async\" data-id=\"3833\" class=\"alignnone wp-image-3833\" src=\"https:\/\/rsmchemik.pl\/wp-content\/uploads\/2025\/02\/445369475_849407263898176_3054131406629283309_n-1024x576.jpg\" alt=\"\" width=\"1024\" height=\"576\" srcset=\"https:\/\/rsmchemik.pl\/wp-content\/uploads\/2025\/02\/445369475_849407263898176_3054131406629283309_n-1024x576.jpg 1024w, https:\/\/rsmchemik.pl\/wp-content\/uploads\/2025\/02\/445369475_849407263898176_3054131406629283309_n-300x169.jpg 300w, https:\/\/rsmchemik.pl\/wp-content\/uploads\/2025\/02\/445369475_849407263898176_3054131406629283309_n-768x432.jpg 768w, https:\/\/rsmchemik.pl\/wp-content\/uploads\/2025\/02\/445369475_849407263898176_3054131406629283309_n-1536x864.jpg 1536w, https:\/\/rsmchemik.pl\/wp-content\/uploads\/2025\/02\/445369475_849407263898176_3054131406629283309_n.jpg 2048w\" sizes=\"auto, (max-width: 767px) 89vw, (max-width: 1000px) 54vw, (max-width: 1071px) 543px, 580px\" \/><\/a><\/figure>\r\n\r\n\r\n\r\n<figure class=\"wp-block-image size-large\"><a href=\"https:\/\/rsmchemik.pl\/wp-content\/uploads\/2025\/02\/463100721_942828517889383_4537917201803228629_n.jpg\"><img loading=\"lazy\" decoding=\"async\" data-id=\"3834\" class=\"alignnone wp-image-3834\" src=\"https:\/\/rsmchemik.pl\/wp-content\/uploads\/2025\/02\/463100721_942828517889383_4537917201803228629_n-1024x768.jpg\" alt=\"\" width=\"1024\" height=\"768\" srcset=\"https:\/\/rsmchemik.pl\/wp-content\/uploads\/2025\/02\/463100721_942828517889383_4537917201803228629_n-1024x768.jpg 1024w, https:\/\/rsmchemik.pl\/wp-content\/uploads\/2025\/02\/463100721_942828517889383_4537917201803228629_n-300x225.jpg 300w, https:\/\/rsmchemik.pl\/wp-content\/uploads\/2025\/02\/463100721_942828517889383_4537917201803228629_n-768x576.jpg 768w, https:\/\/rsmchemik.pl\/wp-content\/uploads\/2025\/02\/463100721_942828517889383_4537917201803228629_n.jpg 1080w\" sizes=\"auto, (max-width: 767px) 89vw, (max-width: 1000px) 54vw, (max-width: 1071px) 543px, 580px\" \/><\/a><\/figure>\r\n\r\n\r\n\r\n<figure class=\"wp-block-image size-large\"><a href=\"https:\/\/rsmchemik.pl\/wp-content\/uploads\/2025\/02\/463864550_946578397514395_4280950162782338633_n.jpg\"><img loading=\"lazy\" decoding=\"async\" data-id=\"3835\" class=\"alignnone wp-image-3835\" src=\"https:\/\/rsmchemik.pl\/wp-content\/uploads\/2025\/02\/463864550_946578397514395_4280950162782338633_n-1024x768.jpg\" alt=\"\" width=\"1024\" height=\"768\" srcset=\"https:\/\/rsmchemik.pl\/wp-content\/uploads\/2025\/02\/463864550_946578397514395_4280950162782338633_n-1024x768.jpg 1024w, https:\/\/rsmchemik.pl\/wp-content\/uploads\/2025\/02\/463864550_946578397514395_4280950162782338633_n-300x225.jpg 300w, https:\/\/rsmchemik.pl\/wp-content\/uploads\/2025\/02\/463864550_946578397514395_4280950162782338633_n-768x576.jpg 768w, https:\/\/rsmchemik.pl\/wp-content\/uploads\/2025\/02\/463864550_946578397514395_4280950162782338633_n-1536x1152.jpg 1536w, https:\/\/rsmchemik.pl\/wp-content\/uploads\/2025\/02\/463864550_946578397514395_4280950162782338633_n.jpg 2048w\" sizes=\"auto, (max-width: 767px) 89vw, (max-width: 1000px) 54vw, (max-width: 1071px) 543px, 580px\" \/><\/a><\/figure>\r\n\r\n\r\n\r\n<figure class=\"wp-block-image size-large\"><a href=\"https:\/\/rsmchemik.pl\/wp-content\/uploads\/2025\/02\/469569800_982502800588621_4128632966589161530_n.jpg\"><img loading=\"lazy\" decoding=\"async\" data-id=\"3836\" class=\"alignnone wp-image-3836\" src=\"https:\/\/rsmchemik.pl\/wp-content\/uploads\/2025\/02\/469569800_982502800588621_4128632966589161530_n-1024x681.jpg\" alt=\"\" width=\"1024\" height=\"681\" srcset=\"https:\/\/rsmchemik.pl\/wp-content\/uploads\/2025\/02\/469569800_982502800588621_4128632966589161530_n-1024x681.jpg 1024w, https:\/\/rsmchemik.pl\/wp-content\/uploads\/2025\/02\/469569800_982502800588621_4128632966589161530_n-300x200.jpg 300w, https:\/\/rsmchemik.pl\/wp-content\/uploads\/2025\/02\/469569800_982502800588621_4128632966589161530_n-768x511.jpg 768w, https:\/\/rsmchemik.pl\/wp-content\/uploads\/2025\/02\/469569800_982502800588621_4128632966589161530_n-1536x1022.jpg 1536w, https:\/\/rsmchemik.pl\/wp-content\/uploads\/2025\/02\/469569800_982502800588621_4128632966589161530_n.jpg 2048w\" sizes=\"auto, (max-width: 767px) 89vw, (max-width: 1000px) 54vw, (max-width: 1071px) 543px, 580px\" \/><\/a><\/figure>\r\n\r\n\r\n\r\n<figure class=\"wp-block-image size-large\"><a href=\"https:\/\/rsmchemik.pl\/wp-content\/uploads\/2025\/02\/469659299_982501760588725_4363671576549539939_n.jpg\"><img loading=\"lazy\" decoding=\"async\" data-id=\"3837\" class=\"alignnone wp-image-3837\" src=\"https:\/\/rsmchemik.pl\/wp-content\/uploads\/2025\/02\/469659299_982501760588725_4363671576549539939_n-1024x681.jpg\" alt=\"\" width=\"1024\" height=\"681\" srcset=\"https:\/\/rsmchemik.pl\/wp-content\/uploads\/2025\/02\/469659299_982501760588725_4363671576549539939_n-1024x681.jpg 1024w, https:\/\/rsmchemik.pl\/wp-content\/uploads\/2025\/02\/469659299_982501760588725_4363671576549539939_n-300x200.jpg 300w, https:\/\/rsmchemik.pl\/wp-content\/uploads\/2025\/02\/469659299_982501760588725_4363671576549539939_n-768x511.jpg 768w, https:\/\/rsmchemik.pl\/wp-content\/uploads\/2025\/02\/469659299_982501760588725_4363671576549539939_n-1536x1022.jpg 1536w, https:\/\/rsmchemik.pl\/wp-content\/uploads\/2025\/02\/469659299_982501760588725_4363671576549539939_n.jpg 2048w\" sizes=\"auto, (max-width: 767px) 89vw, (max-width: 1000px) 54vw, (max-width: 1071px) 543px, 580px\" \/><\/a><\/figure>\r\n\r\n\r\n\r\n<figure class=\"wp-block-image size-large\"><a href=\"https:\/\/rsmchemik.pl\/wp-content\/uploads\/2025\/02\/475031167_1019110260261208_113172246204319302_n.jpg\"><img loading=\"lazy\" decoding=\"async\" data-id=\"3838\" class=\"alignnone wp-image-3838\" src=\"https:\/\/rsmchemik.pl\/wp-content\/uploads\/2025\/02\/475031167_1019110260261208_113172246204319302_n-1024x683.jpg\" alt=\"\" width=\"1024\" height=\"683\" srcset=\"https:\/\/rsmchemik.pl\/wp-content\/uploads\/2025\/02\/475031167_1019110260261208_113172246204319302_n-1024x683.jpg 1024w, https:\/\/rsmchemik.pl\/wp-content\/uploads\/2025\/02\/475031167_1019110260261208_113172246204319302_n-300x200.jpg 300w, https:\/\/rsmchemik.pl\/wp-content\/uploads\/2025\/02\/475031167_1019110260261208_113172246204319302_n-768x512.jpg 768w, https:\/\/rsmchemik.pl\/wp-content\/uploads\/2025\/02\/475031167_1019110260261208_113172246204319302_n.jpg 1200w\" sizes=\"auto, (max-width: 767px) 89vw, (max-width: 1000px) 54vw, (max-width: 1071px) 543px, 580px\" \/><\/a><\/figure>\r\n\r\n\r\n\r\n<figure class=\"wp-block-image size-large\"><a href=\"https:\/\/rsmchemik.pl\/wp-content\/uploads\/2025\/02\/475097036_1019109046927996_5425389266480968309_n.jpg\"><img loading=\"lazy\" decoding=\"async\" data-id=\"3839\" class=\"alignnone wp-image-3839\" src=\"https:\/\/rsmchemik.pl\/wp-content\/uploads\/2025\/02\/475097036_1019109046927996_5425389266480968309_n-1024x683.jpg\" alt=\"\" width=\"1024\" height=\"683\" srcset=\"https:\/\/rsmchemik.pl\/wp-content\/uploads\/2025\/02\/475097036_1019109046927996_5425389266480968309_n-1024x683.jpg 1024w, https:\/\/rsmchemik.pl\/wp-content\/uploads\/2025\/02\/475097036_1019109046927996_5425389266480968309_n-300x200.jpg 300w, https:\/\/rsmchemik.pl\/wp-content\/uploads\/2025\/02\/475097036_1019109046927996_5425389266480968309_n-768x512.jpg 768w, https:\/\/rsmchemik.pl\/wp-content\/uploads\/2025\/02\/475097036_1019109046927996_5425389266480968309_n.jpg 1200w\" sizes=\"auto, (max-width: 767px) 89vw, (max-width: 1000px) 54vw, (max-width: 1071px) 543px, 580px\" \/><\/a><\/figure>\r\n\r\n\r\n\r\n<figure class=\"wp-block-image size-large\"><a href=\"https:\/\/rsmchemik.pl\/wp-content\/uploads\/2025\/02\/475196003_1019108893594678_6774123063236830125_n.jpg\"><img loading=\"lazy\" decoding=\"async\" data-id=\"3840\" class=\"alignnone wp-image-3840\" src=\"https:\/\/rsmchemik.pl\/wp-content\/uploads\/2025\/02\/475196003_1019108893594678_6774123063236830125_n-1024x681.jpg\" alt=\"\" width=\"1024\" height=\"681\" srcset=\"https:\/\/rsmchemik.pl\/wp-content\/uploads\/2025\/02\/475196003_1019108893594678_6774123063236830125_n-1024x681.jpg 1024w, https:\/\/rsmchemik.pl\/wp-content\/uploads\/2025\/02\/475196003_1019108893594678_6774123063236830125_n-300x200.jpg 300w, https:\/\/rsmchemik.pl\/wp-content\/uploads\/2025\/02\/475196003_1019108893594678_6774123063236830125_n-768x511.jpg 768w, https:\/\/rsmchemik.pl\/wp-content\/uploads\/2025\/02\/475196003_1019108893594678_6774123063236830125_n.jpg 1200w\" sizes=\"auto, (max-width: 767px) 89vw, (max-width: 1000px) 54vw, (max-width: 1071px) 543px, 580px\" \/><\/a><\/figure>\r\n\r\n\r\n\r\n<figure class=\"wp-block-image size-large\"><a href=\"https:\/\/rsmchemik.pl\/wp-content\/uploads\/2025\/02\/475496456_1019110196927881_4050615065247005230_n.jpg\"><img loading=\"lazy\" decoding=\"async\" data-id=\"3841\" class=\"alignnone wp-image-3841\" src=\"https:\/\/rsmchemik.pl\/wp-content\/uploads\/2025\/02\/475496456_1019110196927881_4050615065247005230_n-1024x683.jpg\" alt=\"\" width=\"1024\" height=\"683\" srcset=\"https:\/\/rsmchemik.pl\/wp-content\/uploads\/2025\/02\/475496456_1019110196927881_4050615065247005230_n-1024x683.jpg 1024w, https:\/\/rsmchemik.pl\/wp-content\/uploads\/2025\/02\/475496456_1019110196927881_4050615065247005230_n-300x200.jpg 300w, https:\/\/rsmchemik.pl\/wp-content\/uploads\/2025\/02\/475496456_1019110196927881_4050615065247005230_n-768x512.jpg 768w, https:\/\/rsmchemik.pl\/wp-content\/uploads\/2025\/02\/475496456_1019110196927881_4050615065247005230_n.jpg 1200w\" sizes=\"auto, (max-width: 767px) 89vw, (max-width: 1000px) 54vw, (max-width: 1071px) 543px, 580px\" \/><\/a><\/figure>\r\n<\/figure>\r\n","protected":false},"excerpt":{"rendered":"<p>Komesiaki Grupa 6-9 latk\u00f3w, kt\u00f3ra \u0107wiczy ju\u017c drugi rok. Uczestnicy zaj\u0119\u0107 zaczynali od \u0107wicze\u0144 rytmicznych i s\u0142uchowych, natomiast w tym roku ta\u0144cz\u0105 do r\u00f3\u017cnych rodzaj\u00f3w muzyki disco-dance. Komesiaki maj\u0105 za sob\u0105 liczne wyst\u0119py. Instruktorem grupy jest pani mgr Magdalena Bednorz.<\/p>\n","protected":false},"author":2,"featured_media":0,"parent":0,"menu_order":0,"comment_status":"closed","ping_status":"closed","template":"","meta":{"footnotes":""},"folder":[],"class_list":["post-181","page","type-page","status-publish","hentry"],"yoast_head":"<!-- This site is optimized with the Yoast SEO plugin v27.5 - https:\/\/yoast.com\/product\/yoast-seo-wordpress\/ -->\n<title>Komesiaki - RSM Chemik<\/title>\n<meta name=\"robots\" content=\"index, follow, max-snippet:-1, max-image-preview:large, max-video-preview:-1\" \/>\n<link rel=\"canonical\" href=\"https:\/\/rsmchemik.pl\/index.php\/komesiaki\/\" \/>\n<meta property=\"og:locale\" content=\"pl_PL\" \/>\n<meta property=\"og:type\" content=\"article\" \/>\n<meta property=\"og:title\" content=\"Komesiaki - RSM Chemik\" \/>\n<meta property=\"og:description\" content=\"Komesiaki Grupa 6-9 latk\u00f3w, kt\u00f3ra \u0107wiczy ju\u017c drugi rok. Uczestnicy zaj\u0119\u0107 zaczynali od \u0107wicze\u0144 rytmicznych i s\u0142uchowych, natomiast w tym roku ta\u0144cz\u0105 do r\u00f3\u017cnych rodzaj\u00f3w muzyki disco-dance. Komesiaki maj\u0105 za sob\u0105 liczne wyst\u0119py. Instruktorem grupy jest pani mgr Magdalena Bednorz.\" \/>\n<meta property=\"og:url\" content=\"https:\/\/rsmchemik.pl\/index.php\/komesiaki\/\" \/>\n<meta property=\"og:site_name\" content=\"RSM Chemik\" \/>\n<meta property=\"article:modified_time\" content=\"2025-02-05T10:29:34+00:00\" \/>\n<meta property=\"og:image\" content=\"https:\/\/rsmchemik.pl\/wp-content\/uploads\/2025\/02\/438961493_824160383089531_2451914979302315130_n.jpg\" \/>\n\t<meta property=\"og:image:width\" content=\"2048\" \/>\n\t<meta property=\"og:image:height\" content=\"1536\" \/>\n\t<meta property=\"og:image:type\" content=\"image\/jpeg\" \/>\n<meta name=\"twitter:card\" content=\"summary_large_image\" \/>\n<meta name=\"twitter:label1\" content=\"Szacowany czas czytania\" \/>\n\t<meta name=\"twitter:data1\" content=\"3 minuty\" \/>\n<script type=\"application\/ld+json\" class=\"yoast-schema-graph\">{\"@context\":\"https:\\\/\\\/schema.org\",\"@graph\":[{\"@type\":\"WebPage\",\"@id\":\"https:\\\/\\\/rsmchemik.pl\\\/index.php\\\/komesiaki\\\/\",\"url\":\"https:\\\/\\\/rsmchemik.pl\\\/index.php\\\/komesiaki\\\/\",\"name\":\"Komesiaki - RSM Chemik\",\"isPartOf\":{\"@id\":\"https:\\\/\\\/rsmchemik.pl\\\/#website\"},\"primaryImageOfPage\":{\"@id\":\"https:\\\/\\\/rsmchemik.pl\\\/index.php\\\/komesiaki\\\/#primaryimage\"},\"image\":{\"@id\":\"https:\\\/\\\/rsmchemik.pl\\\/index.php\\\/komesiaki\\\/#primaryimage\"},\"thumbnailUrl\":\"https:\\\/\\\/rsmchemik.pl\\\/wp-content\\\/uploads\\\/2025\\\/02\\\/438961493_824160383089531_2451914979302315130_n-1024x768.jpg\",\"datePublished\":\"2020-02-18T11:12:28+00:00\",\"dateModified\":\"2025-02-05T10:29:34+00:00\",\"breadcrumb\":{\"@id\":\"https:\\\/\\\/rsmchemik.pl\\\/index.php\\\/komesiaki\\\/#breadcrumb\"},\"inLanguage\":\"pl-PL\",\"potentialAction\":[{\"@type\":\"ReadAction\",\"target\":[\"https:\\\/\\\/rsmchemik.pl\\\/index.php\\\/komesiaki\\\/\"]}]},{\"@type\":\"ImageObject\",\"inLanguage\":\"pl-PL\",\"@id\":\"https:\\\/\\\/rsmchemik.pl\\\/index.php\\\/komesiaki\\\/#primaryimage\",\"url\":\"https:\\\/\\\/rsmchemik.pl\\\/wp-content\\\/uploads\\\/2025\\\/02\\\/438961493_824160383089531_2451914979302315130_n.jpg\",\"contentUrl\":\"https:\\\/\\\/rsmchemik.pl\\\/wp-content\\\/uploads\\\/2025\\\/02\\\/438961493_824160383089531_2451914979302315130_n.jpg\",\"width\":2048,\"height\":1536},{\"@type\":\"BreadcrumbList\",\"@id\":\"https:\\\/\\\/rsmchemik.pl\\\/index.php\\\/komesiaki\\\/#breadcrumb\",\"itemListElement\":[{\"@type\":\"ListItem\",\"position\":1,\"name\":\"Strona g\u0142\u00f3wna\",\"item\":\"https:\\\/\\\/rsmchemik.pl\\\/\"},{\"@type\":\"ListItem\",\"position\":2,\"name\":\"Komesiaki\"}]},{\"@type\":\"WebSite\",\"@id\":\"https:\\\/\\\/rsmchemik.pl\\\/#website\",\"url\":\"https:\\\/\\\/rsmchemik.pl\\\/\",\"name\":\"RSM Chemik\",\"description\":\"Robotnicza Sp\u00f3\u0142dzielnia Mieszkaniowa \u201eChemik\u201d w K\u0119dzierzynie-Ko\u017alu\",\"publisher\":{\"@id\":\"https:\\\/\\\/rsmchemik.pl\\\/#organization\"},\"potentialAction\":[{\"@type\":\"SearchAction\",\"target\":{\"@type\":\"EntryPoint\",\"urlTemplate\":\"https:\\\/\\\/rsmchemik.pl\\\/?s={search_term_string}\"},\"query-input\":{\"@type\":\"PropertyValueSpecification\",\"valueRequired\":true,\"valueName\":\"search_term_string\"}}],\"inLanguage\":\"pl-PL\"},{\"@type\":\"Organization\",\"@id\":\"https:\\\/\\\/rsmchemik.pl\\\/#organization\",\"name\":\"RSM Chemik\",\"url\":\"https:\\\/\\\/rsmchemik.pl\\\/\",\"logo\":{\"@type\":\"ImageObject\",\"inLanguage\":\"pl-PL\",\"@id\":\"https:\\\/\\\/rsmchemik.pl\\\/#\\\/schema\\\/logo\\\/image\\\/\",\"url\":\"https:\\\/\\\/rsmchemik.pl\\\/wp-content\\\/uploads\\\/2020\\\/02\\\/logo.png\",\"contentUrl\":\"https:\\\/\\\/rsmchemik.pl\\\/wp-content\\\/uploads\\\/2020\\\/02\\\/logo.png\",\"width\":500,\"height\":653,\"caption\":\"RSM Chemik\"},\"image\":{\"@id\":\"https:\\\/\\\/rsmchemik.pl\\\/#\\\/schema\\\/logo\\\/image\\\/\"}}]}<\/script>\n<!-- \/ Yoast SEO plugin. -->","yoast_head_json":{"title":"Komesiaki - RSM Chemik","robots":{"index":"index","follow":"follow","max-snippet":"max-snippet:-1","max-image-preview":"max-image-preview:large","max-video-preview":"max-video-preview:-1"},"canonical":"https:\/\/rsmchemik.pl\/index.php\/komesiaki\/","og_locale":"pl_PL","og_type":"article","og_title":"Komesiaki - RSM Chemik","og_description":"Komesiaki Grupa 6-9 latk\u00f3w, kt\u00f3ra \u0107wiczy ju\u017c drugi rok. Uczestnicy zaj\u0119\u0107 zaczynali od \u0107wicze\u0144 rytmicznych i s\u0142uchowych, natomiast w tym roku ta\u0144cz\u0105 do r\u00f3\u017cnych rodzaj\u00f3w muzyki disco-dance. Komesiaki maj\u0105 za sob\u0105 liczne wyst\u0119py. Instruktorem grupy jest pani mgr Magdalena Bednorz.","og_url":"https:\/\/rsmchemik.pl\/index.php\/komesiaki\/","og_site_name":"RSM Chemik","article_modified_time":"2025-02-05T10:29:34+00:00","og_image":[{"width":2048,"height":1536,"url":"https:\/\/rsmchemik.pl\/wp-content\/uploads\/2025\/02\/438961493_824160383089531_2451914979302315130_n.jpg","type":"image\/jpeg"}],"twitter_card":"summary_large_image","twitter_misc":{"Szacowany czas czytania":"3 minuty"},"schema":{"@context":"https:\/\/schema.org","@graph":[{"@type":"WebPage","@id":"https:\/\/rsmchemik.pl\/index.php\/komesiaki\/","url":"https:\/\/rsmchemik.pl\/index.php\/komesiaki\/","name":"Komesiaki - RSM Chemik","isPartOf":{"@id":"https:\/\/rsmchemik.pl\/#website"},"primaryImageOfPage":{"@id":"https:\/\/rsmchemik.pl\/index.php\/komesiaki\/#primaryimage"},"image":{"@id":"https:\/\/rsmchemik.pl\/index.php\/komesiaki\/#primaryimage"},"thumbnailUrl":"https:\/\/rsmchemik.pl\/wp-content\/uploads\/2025\/02\/438961493_824160383089531_2451914979302315130_n-1024x768.jpg","datePublished":"2020-02-18T11:12:28+00:00","dateModified":"2025-02-05T10:29:34+00:00","breadcrumb":{"@id":"https:\/\/rsmchemik.pl\/index.php\/komesiaki\/#breadcrumb"},"inLanguage":"pl-PL","potentialAction":[{"@type":"ReadAction","target":["https:\/\/rsmchemik.pl\/index.php\/komesiaki\/"]}]},{"@type":"ImageObject","inLanguage":"pl-PL","@id":"https:\/\/rsmchemik.pl\/index.php\/komesiaki\/#primaryimage","url":"https:\/\/rsmchemik.pl\/wp-content\/uploads\/2025\/02\/438961493_824160383089531_2451914979302315130_n.jpg","contentUrl":"https:\/\/rsmchemik.pl\/wp-content\/uploads\/2025\/02\/438961493_824160383089531_2451914979302315130_n.jpg","width":2048,"height":1536},{"@type":"BreadcrumbList","@id":"https:\/\/rsmchemik.pl\/index.php\/komesiaki\/#breadcrumb","itemListElement":[{"@type":"ListItem","position":1,"name":"Strona g\u0142\u00f3wna","item":"https:\/\/rsmchemik.pl\/"},{"@type":"ListItem","position":2,"name":"Komesiaki"}]},{"@type":"WebSite","@id":"https:\/\/rsmchemik.pl\/#website","url":"https:\/\/rsmchemik.pl\/","name":"RSM Chemik","description":"Robotnicza Sp\u00f3\u0142dzielnia Mieszkaniowa \u201eChemik\u201d w K\u0119dzierzynie-Ko\u017alu","publisher":{"@id":"https:\/\/rsmchemik.pl\/#organization"},"potentialAction":[{"@type":"SearchAction","target":{"@type":"EntryPoint","urlTemplate":"https:\/\/rsmchemik.pl\/?s={search_term_string}"},"query-input":{"@type":"PropertyValueSpecification","valueRequired":true,"valueName":"search_term_string"}}],"inLanguage":"pl-PL"},{"@type":"Organization","@id":"https:\/\/rsmchemik.pl\/#organization","name":"RSM Chemik","url":"https:\/\/rsmchemik.pl\/","logo":{"@type":"ImageObject","inLanguage":"pl-PL","@id":"https:\/\/rsmchemik.pl\/#\/schema\/logo\/image\/","url":"https:\/\/rsmchemik.pl\/wp-content\/uploads\/2020\/02\/logo.png","contentUrl":"https:\/\/rsmchemik.pl\/wp-content\/uploads\/2020\/02\/logo.png","width":500,"height":653,"caption":"RSM Chemik"},"image":{"@id":"https:\/\/rsmchemik.pl\/#\/schema\/logo\/image\/"}}]}},"_links":{"self":[{"href":"https:\/\/rsmchemik.pl\/index.php\/wp-json\/wp\/v2\/pages\/181","targetHints":{"allow":["GET"]}}],"collection":[{"href":"https:\/\/rsmchemik.pl\/index.php\/wp-json\/wp\/v2\/pages"}],"about":[{"href":"https:\/\/rsmchemik.pl\/index.php\/wp-json\/wp\/v2\/types\/page"}],"author":[{"embeddable":true,"href":"https:\/\/rsmchemik.pl\/index.php\/wp-json\/wp\/v2\/users\/2"}],"replies":[{"embeddable":true,"href":"https:\/\/rsmchemik.pl\/index.php\/wp-json\/wp\/v2\/comments?post=181"}],"version-history":[{"count":13,"href":"https:\/\/rsmchemik.pl\/index.php\/wp-json\/wp\/v2\/pages\/181\/revisions"}],"predecessor-version":[{"id":3844,"href":"https:\/\/rsmchemik.pl\/index.php\/wp-json\/wp\/v2\/pages\/181\/revisions\/3844"}],"wp:attachment":[{"href":"https:\/\/rsmchemik.pl\/index.php\/wp-json\/wp\/v2\/media?parent=181"}],"wp:term":[{"taxonomy":"folder","embeddable":true,"href":"https:\/\/rsmchemik.pl\/index.php\/wp-json\/wp\/v2\/folder?post=181"}],"curies":[{"name":"wp","href":"https:\/\/api.w.org\/{rel}","templated":true}]}}